{"id":1000,"date":"2020-06-12T16:22:06","date_gmt":"2020-06-12T16:22:06","guid":{"rendered":"http:\/\/relaunch.udomaar.de\/?page_id=1000"},"modified":"2026-04-20T15:18:46","modified_gmt":"2026-04-20T15:18:46","slug":"the-offer","status":"publish","type":"page","link":"https:\/\/udomaar.de\/de\/the-offer\/","title":{"rendered":""},"content":{"rendered":"<h4><span style=\"align:left;\">In einem Coaching finden Sie die passenden Antworten<\/span><\/h4>\n\n\n<p>Sie wollen Ver\u00e4nderung selbst gestalten und Ihr Talent, Chancen zu erkennen, nutzen. Auf diesem Weg begleite ich Sie gerne mit meinen Coaching-Angeboten. In einem ersten gemeinsamen Gespr\u00e4ch stellen wir fest, welche Ziele wu\u0308nschenswert und hilfreich fu\u0308r Sie sind. Daraufhin einigen wir uns auf das passende Format fu\u0308r unsere Zusammenarbeit. Die unterschiedlichen Formate erkl\u00e4re ich weiter unten. Sie behalten die Verantwortung fu\u0308r die Inhalte; ich u\u0308bernehme dann gerne die Verantwortung fu\u0308r den Prozess. In den meisten F\u00e4llen k\u00f6nnen wir auf eine virtuelle Zusammenarbeit zuru\u0308ckgreifen. Das entscheiden wir gemeinsam.<br \/>\nS\u00e4mtliche Coaching Sitzungen k\u00f6nnen wir in deutscher oder englischer Sprache abhalten.<br \/>\n<div class=\"su-spacer\" style=\"height:15px\"><\/div>\n<strong>Die Coaching Formate<\/strong><br \/>\n<div class=\"su-spacer\" style=\"height:10px\"><\/div>\n<\/p>\n<div class=\"su-accordion su-u-trim\"><div class=\"su-spoiler su-spoiler-style-simple su-spoiler-icon-plus su-spoiler-closed\" data-scroll-offset=\"0\" data-anchor-in-url=\"no\"><div class=\"su-spoiler-title\" tabindex=\"0\" role=\"button\"><span class=\"su-spoiler-icon\"><\/span>Systemische Aufstellung<\/div><div class=\"su-spoiler-content su-u-clearfix su-u-trim\">\nSystemische Aufstellung ist eine Methode, die verborgene Dynamiken in Teams oder auch bei individuellen Fragestellungen sichtbar macht. Durch die Arbeit mit Figuren, Bodenankern oder durch pers\u00f6nliche Stellvertretungen entsteht eine r\u00e4umliche Darstellung der aktuellen Situation \u2014 ganz ohne Worte. W\u00e4hrend der Aufstellung machen wir uns das Ph\u00e4nomen zu nutze, dass wir als Menschen unsere Emotionen r\u00e4umlich wahrnehmen k\u00f6nnen. Durch stille Bewegungen im gesch\u00fctzten Raum k\u00f6nnen neue L\u00f6sungsans\u00e4tze entstehen, ausprobiert und ersp\u00fcrt werden. Die Herangehensweise im Schweigen erm\u00f6glicht es, Muster, Spannungen und unbewusste Hindernisse zu erkennen und aufzul\u00f6sen.<br \/>\nIch arbeite sowohl im Einzelsetting als auch mit kleinen Teams sowie in offenen Gruppen.<br \/>\nDer Themenvielfalt sind keine Grenzen gesetzt. So k\u00f6nnen berufliche Themen wie Konflikte im Team oder mit Vorgesetzten, Versagens\u00e4ngste, das Imposter-Syndrom oder andere Themen im Rahmen einer Aufstellung angeschaut werden. Es k\u00f6nnen aber auch pers\u00f6nliche Fragen wie \u201aGebe ich mir selbst die innere Erlaubnis, ein erf\u00fclltes Leben zu leben?\u2018 in einer systemische Aufstellung bearbeitet werden.<br \/>\n<span style=\"text-decoration: underline;\">Manchmal schwirren solche Gedanken im Kopf rum:<\/span><br \/>\n<div class=\"su-list\" style=\"margin-left:0px\">\n<ul>\n<li style=\"list-style-type: inherit;\">\n<ul>\n<li><i class=\"sui sui-angle-right\" style=\"color:#grey\"><\/i> Ich f\u00fchle mich festgefahren \u2014 wie komme ich wieder in Bewegung?<\/li>\n<li><i class=\"sui sui-angle-right\" style=\"color:#grey\"><\/i> Warum f\u00e4llt es mir schwer, Entscheidungen zu treffen?<\/li>\n<li><i class=\"sui sui-angle-right\" style=\"color:#grey\"><\/i> \u00dcberall ist st\u00e4ndig Ver\u00e4nderung \u2014 wie finde ich wieder Sicherheit?<\/li>\n<li><i class=\"sui sui-angle-right\" style=\"color:#grey\"><\/i> Warum gerate ich in meinem Team und in anderen Beziehungen immer wieder in dieselben Konflikte und wie kann ich sie nachhaltig l\u00f6sen?<\/li>\n<li><i class=\"sui sui-angle-right\" style=\"color:#grey\"><\/i> Es f\u00e4llt mir schwer, Nein zu sagen \u2014 wie setze ich mich f\u00fcr meine Grenzen ein?<\/li>\n<li><i class=\"sui sui-angle-right\" style=\"color:#grey\"><\/i> Ich w\u00fcnsche mir mehr innere Ruhe \u2014 was fehlt mir daf\u00fcr?<\/li>\n<li><i class=\"sui sui-angle-right\" style=\"color:#grey\"><\/i> Ich erlebe Druck von oben und Widerstand von unten \u2013 wie gehe ich damit um?<\/li>\n<li><i class=\"sui sui-angle-right\" style=\"color:#grey\"><\/i> Alte Verletzungen besch\u00e4ftigen mich immer wieder \u2014 wie kann ich sie loslassen?<\/li>\n<\/ul>\n<\/li>\n<\/ul>\n<div class=\"su-spacer\" style=\"height:10px\"><\/div>\nSystemische Arbeit hilft, diese Zusammenh\u00e4nge sichtbar zu machen \u2014 und neue L\u00f6sungen zu finden, denn oft sind wir tief in unsere Themen verstrickt und k\u00f6nnen das eine nicht vom anderen trennen. H\u00e4ufig haben berufliche Themen ihre Wurzeln im Privaten und umgekehrt. Auch wenn wir wissen, wo wir unsere Verhaltensmuster her haben, hei\u00dft es nicht, dass wir sie \u00e4ndern k\u00f6nnen.<br \/>\n<div class=\"su-spacer\" style=\"height:10px\"><\/div>\nHier kannst Du Dich direkt zum n\u00e4chsten Seminar anmelden:<br \/>\n<!-- Calendly Link-Widget Beginn -->\n<link href=\"https:\/\/assets.calendly.com\/assets\/external\/widget.css\" rel=\"stylesheet\">\n<script src=\"https:\/\/assets.calendly.com\/assets\/external\/widget.js\" type=\"text\/javascript\" async><\/script><br \/>\n<a href=\"\" onclick=\"Calendly.initPopupWidget({url: 'https:\/\/calendly.com\/udomaar\/leben-im-einklang?primary_color=d82b0e'});return false;\">Aufstellungstag &#8222;Leben im Einklang&#8220; | Anmeldung<\/a><br \/>\n<!-- Calendly Link-Widget Ende --><br \/>\n<div class=\"su-spacer\" style=\"height:10px\"><\/div>\n<blockquote><p>\n\u201eDas Leben ist sch\u00f6n \u2014 von leicht war nie die Rede.\u201d sagte mal meine Lehrerin. Und dennoch lohnt es sich, eine Schicht nach der anderen abzutragen, so dass das Leben leichter und sch\u00f6ner wird.\n<\/p><\/blockquote>\n<\/div>\n<\/div><\/div>\n<div class=\"su-accordion su-u-trim\"><\/div><div class=\"su-spoiler su-spoiler-style-simple su-spoiler-icon-plus su-spoiler-closed\" data-scroll-offset=\"0\" data-anchor-in-url=\"no\"><div class=\"su-spoiler-title\" tabindex=\"0\" role=\"button\"><span class=\"su-spoiler-icon\"><\/span>Business Coaching<\/div><div class=\"su-spoiler-content su-u-clearfix su-u-trim\">\nDie Arbeitswelt ver\u00e4ndert sich gerade massiv, durch die Erfahrungen, die wir pers\u00f6nlich aber auch als Gesellschaft machen. Werte und Firmenkultur spielen dabei eine immer wichtigere Rolle. Unternehmen m\u00fcssen sich Gedanken machen, wie die Zufriedenheit der Mitarbeitenden gesteigert werden kann. Sie k\u00f6nnen selbst dazu beitragen, Ihre pers\u00f6nliche Zufriedenheit zu steigern.<br \/>\nAllt\u00e4gliche Anforderungen, H\u00f6chstleistung zu erbringen und konsequent verst\u00e4ndnisvoll und motivierend zu kommunizieren, k\u00f6nnen auf Dauer ihre Spuren hinterlassen und zu gro\u00dfen Anstrengungen f\u00fchren. Es wird schwieriger, den eigenen Erwartungen gerecht zu werden.<br \/>\nHier kann ein Business Coaching, das sich an Verantwortungstr\u00e4ger innerhalb einer Organisation richtet, hilfreich sein und unterst\u00fctzend wirken.<div class=\"su-spacer\" style=\"height:15px\"><\/div>\n<span style=\"text-decoration: underline;\">Einige Themen f\u00fcr ein Business Coaching:<\/span><br \/>\n<div class=\"su-list\" style=\"margin-left:0px\">\n<ul>\n<li style=\"list-style-type: inherit;\">\n<ul>\n<li><i class=\"sui sui-angle-right\" style=\"color:#grey\"><\/i> Wie integrieren wir mobiles Arbeiten in unserem Team?<\/li>\n<li><i class=\"sui sui-angle-right\" style=\"color:#grey\"><\/i> Wie komme ich und mein Team mit einer organisatorischen Ver\u00e4nderung zu recht?<\/li>\n<li><i class=\"sui sui-angle-right\" style=\"color:#grey\"><\/i> Wie gehe ich mit meinem neuen Rollenverst\u00e4ndnis am Arbeitsplatz um?<\/li>\n<li><i class=\"sui sui-angle-right\" style=\"color:#grey\"><\/i> Wie kann ich sicher stellen, die \u201erichtigen\u201c Entscheidungen zu treffen?<\/li>\n<li><i class=\"sui sui-angle-right\" style=\"color:#grey\"><\/i> Wie kann ich meine pers\u00f6nlichen und beruflichen Ziele st\u00e4rker konkretisieren?<\/li>\n<li><i class=\"sui sui-angle-right\" style=\"color:#grey\"><\/i> Wie kann ich multikulturelle Aspekte und die damit verbundenen \u201eSpielregeln\u201c in meinen Arbeitsalltag integrieren?<\/li>\n<\/ul>\n<\/li>\n<\/ul>\n<div class=\"su-spacer\" style=\"height:10px\"><\/div>\nIm Business Coaching erarbeiten wir gemeinsam L\u00f6sungsschritte, die sich nach unserem Coaching in Ihren Berufsalltag integrieren k\u00f6nnen. Weitere Sitzungen k\u00f6nnen zur Vertiefung und Sicherstellung der Nachhaltigkeit vereinbart werden.<br \/>\n<\/div>\n<\/div><\/div>\n<div class=\"su-spoiler su-spoiler-style-simple su-spoiler-icon-plus su-spoiler-closed\" data-scroll-offset=\"0\" data-anchor-in-url=\"no\"><div class=\"su-spoiler-title\" tabindex=\"0\" role=\"button\"><span class=\"su-spoiler-icon\"><\/span>Career Coaching<\/div><div class=\"su-spoiler-content su-u-clearfix su-u-trim\">\nIn einer Krise zeigt sich der Mensch in seinen Extremen \u2014 sowohl das Positive (Solidarit\u00e4t, Achtsamkeit, kreative L\u00f6sungen finden) als auch das weniger Sch\u00f6ne (\u00c4ngste, Egoismus, Mistrauen). Wir k\u00f6nnen selbst entscheiden, wie wir diese Krise nutzen.<div class=\"su-spacer\" style=\"height:7px\"><\/div>\nIm Career Coaching stehen Sie selbst und Ihre eigene pers\u00f6nliche Entwicklung voll im Fokus.<br \/>\n<div class=\"su-spacer\" style=\"height:15px\"><\/div>\n<span style=\"font-weight: 400;\">Typische Anl\u00e4sse, um mit einem Coach zusammen zu arbeiten:<\/span><br \/>\n<div class=\"su-list\" style=\"margin-left:0px\">\n<ul>\n<li style=\"list-style-type: none;\">\n<ul>\n<li style=\"list-style-type: none;\">\n<ul>\n<li><i class=\"sui sui-angle-right\" style=\"color:#grey\"><\/i> Blockaden \u00fcberwinden<\/li>\n<li><i class=\"sui sui-angle-right\" style=\"color:#grey\"><\/i> Klarheit gewinnen<\/li>\n<li><i class=\"sui sui-angle-right\" style=\"color:#grey\"><\/i> Handlungsspielr\u00e4ume erweitern<\/li>\n<li><i class=\"sui sui-angle-right\" style=\"color:#grey\"><\/i> Pers\u00f6nlichkeitspotentiale entwickeln<\/li>\n<li><i class=\"sui sui-angle-right\" style=\"color:#grey\"><\/i> Neuorientierung finden<\/li>\n<li><i class=\"sui sui-angle-right\" style=\"color:#grey\"><\/i> Entscheidungen treffen<\/li>\n<li><i class=\"sui sui-angle-right\" style=\"color:#grey\"><\/i> Ambivalenzen kl\u00e4ren<\/li>\n<\/ul>\n<\/li>\n<\/ul>\n<div class=\"su-spacer\" style=\"height:10px\"><\/div>\n<\/div>\nWer bin ich und wenn ja, wie viele?<div class=\"su-spacer\" style=\"height:7px\"><\/div>Der systematische Ansatz kann sehr befreiend wirken, denn es gibt kein &#8222;richtig&#8220; oder &#8222;falsch&#8220;, sondern L\u00f6sungsans\u00e4tze werden daraufhin untersucht, ob sie &#8222;hilfreich&#8220; sind.<\/p>\n<\/div><\/div>\n<div class=\"su-spoiler su-spoiler-style-simple su-spoiler-icon-plus su-spoiler-closed\" data-scroll-offset=\"0\" data-anchor-in-url=\"no\"><div class=\"su-spoiler-title\" tabindex=\"0\" role=\"button\"><span class=\"su-spoiler-icon\"><\/span>GSD Coaching<\/div><div class=\"su-spoiler-content su-u-clearfix su-u-trim\">\n<iframe title=\"YouTube video player\" src=\"https:\/\/www.youtube.com\/embed\/Wkb9UH3YQQQ\" width=\"800\" height=\"450\" frameborder=\"0\" allowfullscreen=\"allowfullscreen\"><\/iframe><\/p>\n<div class=\"su-spacer\" style=\"height:20px\"><\/div>\nWas bedeutet GSD Coaching? GSD steht f\u00fcr \u201aGender and Sexual Diversity\u2018; dieser Begriff ist umfassender als der bisher gebr\u00e4uchliche Begriff \u201aLGBT\u2018. Hier geht es um die Identit\u00e4ten, die ein Mensch auf Grund seiner Sexualit\u00e4t und\/oder Geschlechts annehmen kann. Die Grenzen gehen weit \u00fcber eine Dualit\u00e4t von m\u00e4nnlich und weiblich hinaus.<br \/>\nObwohl Diskriminierung auf Grund sexueller Orientierung in Deutschland illegal ist, erfahren Menschen mit einer Identit\u00e4t au\u00dferhalb der Norm auch heute noch eine andere Behandlung am Arbeitsplatz. Die Community ist auch in besonderem Ma\u00dfe von der Pan-demie und den Auswirkungen betroffen.<br \/>\nOftmals verhalten sich Menschen mit alternativen Lebensweisen im Arbeitskontext anders, da ein Teil des Gehirns immer damit besch\u00e4ftigt ist, die Konsequenzen einer m\u00f6glichen Offenlegung der eigenen Identit\u00e4t abzuwiegen. Diese Kapazit\u00e4ten stehen nicht f\u00fcr produktive und kreative T\u00e4tigkeiten zur Verf\u00fcgung.<br \/>\nAls systemischer Business Coach mit Zusatzausbildung in Gender and Sexual Diversity Therapy m\u00f6chte ich mit Ihnen erarbeiten, wie sich ein selbstbewusster Umgang mit der eigenen Identit\u00e4t im Privatleben auch auf das Berufsleben transferieren und nachhaltig sichern l\u00e4sst.<br \/>\nEs bleibt hervorzuheben, dass es keine vorgefertigten L\u00f6sungen gibt, ob nun Ihr eigener GSD Lebensstil im beruflichen Umfeld offen gelegt werden soll oder nicht. Es kommt auf Ihre eigenen Bed\u00fcrfnisse, Ihr Selbstverst\u00e4ndnis und auch die Firmenkultur des Arbeitge-bers an. Diese verschiedenen Aspekte m\u00fcssen ber\u00fccksichtigt werden. Ich unterst\u00fctze Sie gerne dabei, f\u00fcr den eigenen Weg eine bewusste Entscheidung zu treffen und mit potenziellen Konfliktsituationen erfolgreich umzugehen.<br \/>\n<\/div><\/div>\n<div class=\"su-spoiler su-spoiler-style-simple su-spoiler-icon-plus su-spoiler-closed\" data-scroll-offset=\"0\" data-anchor-in-url=\"no\"><div class=\"su-spoiler-title\" tabindex=\"0\" role=\"button\"><span class=\"su-spoiler-icon\"><\/span>wingwave\u00ae Coaching<\/div><div class=\"su-spoiler-content su-u-clearfix su-u-trim\">\nKennen Sie das? Wenn innere Anteile von Ihnen erfolgreich die Stra\u00dfe zu den eigenen Zielen blockieren, dann hilft auch gutes Zureden nichts mehr.<br \/>\nBlockaden sind h\u00e4ufig mit starken Emotionen verkn\u00fcpft, die wir teilweise nicht mal selbst deuten k\u00f6nnen. Wie uns allen bekannt, reagieren Emotionen nur sehr bedingt \u2014 um nicht zu sagen gar nicht \u2014 auf rationale Erkl\u00e4rungen, Deutungen und Beschwichtigungen. Manchmal k\u00f6nnen wir ben\u00f6tigtes Wissen und besondere F\u00e4higkeiten im entscheidenden Moment nicht abrufen, obwohl wir uns sicher sein k\u00f6nnen, dass dieses Wissen und diese F\u00e4higkeiten vorhanden sein m\u00fcssten.<br \/>\nMit Emotions-Coaching \u2014 wie der wingwave\u00ae-Methode \u2014 k\u00f6nnen Stressfaktoren sp\u00fcrbar, effektiv und nachhaltig abgebaut werden, wodurch die allgemeine \u201aMental-Fitness\u2018 gesteigert wird und somit Wissen und F\u00e4higkeiten wieder einsetzbar werden.<br \/>\n<div class=\"su-spacer\" style=\"height:15px\"><\/div>\n<span style=\"font-weight: 400;\">Schon wenige wingwave\u00ae-Sitzungen k\u00f6nnen bei Themen wie:<\/span><br \/>\n<div class=\"su-list\" style=\"margin-left:0px\">\n<ul>\n<li style=\"list-style-type: none;\">\n<ul>\n<li style=\"list-style-type: none;\">\n<ul>\n<li><i class=\"sui sui-angle-right\" style=\"color:#grey\"><\/i> Lampenfieber (Auftritts- und Redeangst, usw.)<\/li>\n<li><i class=\"sui sui-angle-right\" style=\"color:#grey\"><\/i> Flug- oder H\u00f6henangst, Ekel vor V\u00f6geln usw.<\/li>\n<li><i class=\"sui sui-angle-right\" style=\"color:#grey\"><\/i> Konfliktscheue z.B. Angst vorm Gespr\u00e4ch mit dem Chef, dem Team, dem Partner \u2026<\/li>\n<li><i class=\"sui sui-angle-right\" style=\"color:#grey\"><\/i> ein belastendes Verh\u00e4ltnis zu Genussverf\u00fchrern (Chips, Schokolade, Kekse\u2026)<\/li>\n<\/ul>\n<\/li>\n<\/ul>\n<\/li>\n<\/ul>\n<\/div>\n<\/div><\/div>\n<div class=\"su-spoiler su-spoiler-style-simple su-spoiler-icon-plus su-spoiler-closed\" data-scroll-offset=\"0\" data-anchor-in-url=\"no\"><div class=\"su-spoiler-title\" tabindex=\"0\" role=\"button\"><span class=\"su-spoiler-icon\"><\/span>Bewegtes Coaching<\/div><div class=\"su-spoiler-content su-u-clearfix su-u-trim\">\nMomentan ist die Zeit, die wir im Freien verbringen k\u00f6nnen, sehr kostbar. K\u00f6rperliche Bewegung vernachl\u00e4ssigen wir nur allzu h\u00e4ufig. Dabei sind der K\u00f6rper und der Geist ein eingespieltes Team und beeinflussen sich gegenseitig.<br \/>\nPerspektivwechsel bedeutet, eine neue Position einzunehmen, die Position zum Thema, zum Problem, zu mir selbst. Da ist es hilfreich, den K\u00f6rper zu nutzen, um neue Positionen einzunehmen und auszuprobieren.<br \/>\nBei einem gemeinsamen Gang durch die Natur k\u00f6nnen wir ein Coaching-Gespr\u00e4ch nutzen, um Ihre Hindernisse zu \u00fcberwinden und durch schwierige Situationen zu man\u00f6vrieren.<br \/>\n<\/div><\/div>\n<\/div><\/li>\n<\/ul>\n<div class=\"su-spacer\" style=\"height:15px\"><\/div>\n<p>Ich freue mich auf Sie und bin gespannt, an welchen Themen wir gemeinsam arbeiten k\u00f6nnen.<br \/>\n<div class=\"su-spacer\" style=\"height:15px\"><\/div> \u2192 <span style=\"font-weight: 300;\"> Kontaktieren Sie mich gern, f\u00fcr ein unverbindliches Erstgespr\u00e4ch (20 Minuten) per Zoom oder Telefon. Dieses ist fu\u0308r Sie selbstverst\u00e4ndlich kostenfrei.<\/span><br \/>\n<div class=\"su-spacer\" style=\"height:15px\"><\/div>\n<!-- Calendly inline widget begin --><\/p>\n<div class=\"calendly-inline-widget\" style=\"min-width: 320px; height: 630px;\" data-url=\"https:\/\/calendly.com\/udomaar\/20min\"><\/div>\n<p><script type=\"text\/javascript\" src=\"https:\/\/assets.calendly.com\/assets\/external\/widget.js\" async><\/script><br \/>\n<!-- Calendly inline widget end --><\/p>\n<p><!-- ProvenExpert Bewertungssiegel --><\/p>\n<style type=\"text\/css\">body {-ms-overflow-style: scrollbar;} @media(max-width:991px){.ProvenExpert_widget_container {display:none !important;}}<\/style>\n<p><a class=\"ProvenExpert_widget_container\" style=\"text-decoration: none; z-index: 9999; position: fixed; float: left; line-height: 0; right: 0; bottom: 50px;\" title=\"Kundenbewertungen &amp; Erfahrungen zu Udo R Maar | Der Ver\u00e4nderungsbegleiter. Mehr Infos anzeigen.\" href=\"https:\/\/www.provenexpert.com\/udo-r-maar-der-veraenderungsbegleiter\/?utm_source=Widget&amp;utm_medium=Widget&amp;utm_campaign=Widget\" target=\"_blank\" rel=\"noopener noreferrer\"><img decoding=\"async\" style=\"border: 0;\" src=\"https:\/\/images.provenexpert.com\/24\/6c\/3858466f4e0fec8b732f422be9e0\/widget_portrait_150_de_0.png\" alt=\"Erfahrungen &amp; Bewertungen zu Udo R Maar | Der Ver\u00e4nderungsbegleiter\" width=\"150\" height=\"180\" \/><\/a><br \/>\n<!-- ProvenExpert Bewertungssiegel --><\/p>\n<p><!-- Brevo Newsletter Anmedlung --><br \/>\n<iframe width=\"540\" height=\"540\" src=\"https:\/\/2effd644.sibforms.com\/serve\/MUIFAFnzJDE8VuvR5-V1q7C-zbj8IpH0O_whGMqNPPd1s9i6flyWrLmOPEBYgEXr_C5g77QtguhrqV2tyPvawT7ycwqUOmDEOp6wB9s15eTEFcHCGTdMo6yDZChMpRPT9C4Di5DsCCowSz5ejiWAF1p09ijen6FF4po9Jlgz5UFud0SDGu1SFbdZoStaHy_WBNl0I1J10yquwyTVPQ==\" frameborder=\"0\" scrolling=\"auto\" allowfullscreen style=\"display: block;margin-left: auto;margin-right: auto;max-width: 100%;\"><\/iframe><br \/>\n<!-- Brevo Newsletter Anmedlung --><\/p>\n","protected":false},"excerpt":{"rendered":"<p>Sie wollen Ver\u00e4nderung selbst gestalten und Ihr Talent, Chancen zu erkennen, nutzen. Auf diesem Weg begleite ich Sie gerne mit meinen Coaching-Angeboten. In einem ersten gemeinsamen Gespr\u00e4ch stellen wir fest, welche Ziele wu\u0308nschenswert und hilfreich fu\u0308r Sie sind. Daraufhin einigen wir uns auf das passende Format fu\u0308r unsere Zusammenarbeit. Die unterschiedlichen Formate erkl\u00e4re ich weiter [&hellip;]<\/p>\n","protected":false},"author":1,"featured_media":0,"parent":0,"menu_order":1,"comment_status":"closed","ping_status":"open","template":"","meta":{"footnotes":""},"class_list":["post-1000","page","type-page","status-publish","hentry"],"translation":{"provider":"WPGlobus","version":"3.0.2","language":"de","enabled_languages":["en","de"],"languages":{"en":{"title":false,"content":true,"excerpt":false},"de":{"title":false,"content":true,"excerpt":false}}},"aioseo_notices":[],"_links":{"self":[{"href":"https:\/\/udomaar.de\/de\/wp-json\/wp\/v2\/pages\/1000","targetHints":{"allow":["GET"]}}],"collection":[{"href":"https:\/\/udomaar.de\/de\/wp-json\/wp\/v2\/pages"}],"about":[{"href":"https:\/\/udomaar.de\/de\/wp-json\/wp\/v2\/types\/page"}],"author":[{"embeddable":true,"href":"https:\/\/udomaar.de\/de\/wp-json\/wp\/v2\/users\/1"}],"replies":[{"embeddable":true,"href":"https:\/\/udomaar.de\/de\/wp-json\/wp\/v2\/comments?post=1000"}],"version-history":[{"count":271,"href":"https:\/\/udomaar.de\/de\/wp-json\/wp\/v2\/pages\/1000\/revisions"}],"predecessor-version":[{"id":17749,"href":"https:\/\/udomaar.de\/de\/wp-json\/wp\/v2\/pages\/1000\/revisions\/17749"}],"wp:attachment":[{"href":"https:\/\/udomaar.de\/de\/wp-json\/wp\/v2\/media?parent=1000"}],"curies":[{"name":"wp","href":"https:\/\/api.w.org\/{rel}","templated":true}]}}