{"id":526,"date":"2020-05-29T14:03:31","date_gmt":"2020-05-29T14:03:31","guid":{"rendered":"http:\/\/relaunch.udomaar.de\/?page_id=526"},"modified":"2026-01-21T15:47:33","modified_gmt":"2026-01-21T15:47:33","slug":"person","status":"publish","type":"page","link":"https:\/\/udomaar.de\/de\/person\/","title":{"rendered":""},"content":{"rendered":"<h4 style=\"align: left;\">Wer ist Udo Maar, der Ver\u00e4nderungsbegleiter?<\/h4>\n\n<figure id=\"attachment_2318\" aria-describedby=\"caption-attachment-2318\" style=\"width: 280px\" class=\"wp-caption alignleft\"><img fetchpriority=\"high\" decoding=\"async\" class=\"wp-image-2318 size-medium\" src=\"http:\/\/relaunch.udomaar.de\/wp-content\/uploads\/2021\/07\/portraet_neuokt20-2-300x300.jpg\" alt=\"Udo Maar\" width=\"280\" height=\"280\" srcset=\"https:\/\/udomaar.de\/wp-content\/uploads\/2021\/07\/portraet_neuokt20-2-300x300.jpg 300w, https:\/\/udomaar.de\/wp-content\/uploads\/2021\/07\/portraet_neuokt20-2-150x150.jpg 150w, https:\/\/udomaar.de\/wp-content\/uploads\/2021\/07\/portraet_neuokt20-2.jpg 567w\" sizes=\"(max-width: 280px) 100vw, 280px\" \/><figcaption id=\"caption-attachment-2318\" class=\"wp-caption-text\">\u00a9 Picture People<\/figcaption><\/figure>\n<p>Seit mehr als zwei Jahrzehnten gestalte ich Ver\u00e4nderung und begleite Organisationen und Menschen auf Ihrem Weg, individuelle L\u00f6sungen f\u00fcr ihre Fragestellungen zu entwickeln. Nach meinem Studium der Architektur gestaltete ich B\u00fcror\u00e4ume f\u00fcr internationale Unternehmen. Als Workplace Consultant besch\u00e4ftigte ich mich dann damit, wie Mitarbeitende die B\u00fcros nutzen und entwickelte innovative Arbeitsplatzkonzepte.W\u00e4hrend dieser T\u00e4tigkeiten und durch pers\u00f6nliche Erfahrungen bekam der Satz von Heraklit immer mehr Bedeutung f\u00fcr mich: \u201eNichts ist so best\u00e4ndig wie der Wandel.\u201d Ein weiterer Satz, der mich gepr\u00e4gt hat: \u201eThings happen for reason\u201d (Es gibt immer einen guten Grund, warum etwas passiert).In einer schwierigen Situation hat eine Freundin dies zu mir gesagt. Ich wollte ihr nicht glauben, jedoch ergaben sich aus dieser schwierigen Situation neue Chancen, die zu einer gl\u00fccklichen Lebenszeit f\u00fchrten. All dem wollte ich intensiver nachgehen und absolvierte eine Ausbildung zum zertifizierten, systemischen Business Coach. Eine zus\u00e4tzliche Ausbildung zum wingwave\u00ae Coach brachte mich noch an emotionale Themen n\u00e4her heran.Ich begleite also Menschen, Teams und Organisationen durch Ver\u00e4nderungsprozesse auf einer r\u00e4umlichen, organisatorischen und pers\u00f6nlichen Ebene. Die Arbeit in direktem Kontakt mit Menschen ist eine Arbeit, die mich immer wieder fasziniert und mit Freude erf\u00fcllt. Magische Momente entstehen, wenn sich das Denken \u00e4ndert, sich neue Perspektiven er\u00f6ffnen und neue Handlungsr\u00e4ume entdeckt werden. Und eine L\u00e4cheln auf dem Gesicht meines Gegen\u00fcbers entsteht.<br \/>\n<div class=\"su-spacer\" style=\"height:10px\"><\/div>\n<h4 style=\"align: left;\">Wie arbeite ich?<\/h4>\n\n\n<p>Meine Arbeitsweise basiert auf dem systemischen Ansatz. Was bedeutet das? In erster Linie findet keine Pathologisierung statt, so dass nicht die Klient_innen ver\u00e4ndert (\u201egeheilt\u201c) werden m\u00fcssen, sondern Strategien entwickelt werden sollen, die hilfreicher sind, als die bisher ausprobierten. Zum anderen haben die Klient_innen die gr\u00f6\u00dfte Exper-tise f\u00fcr das eigene Problem. Und damit sind die auch die besten Expert_innen f\u00fcr eine individuelle L\u00f6sung. Diese gemeinsam zu erarbeiten ist das Ziel meiner T\u00e4tigkeit. Ich arbeite gendersensibel, ressourcenorientiert und l\u00f6sungsfokussiert.<br \/>\nMit gro\u00dfer Empathie und Wertsch\u00e4tzung m\u00f6chte ich Ihnen begegnen, mit einer nicht-wertenden\u00a0 und annehmenden Haltung zusammen arbeiten und so neue Sichtweisen sowie Perspektivwechsel erm\u00f6glichen.<br \/>\nUnsere gemeinsame Zeit soll einen gesch\u00fctzten Raum anbieten, der ganz und gar Ihnen geh\u00f6rt \u2013 wo Sie die Inhalte und Belange selber bestimmen k\u00f6nnen.<br \/>\n<div class=\"su-spacer\" style=\"height:10px\"><\/div>\n<h4 style=\"align: left;\">Was ist mir wichtig?<\/h4>\n\n\nZu meinen Eigenschaften z\u00e4hlen:<\/p>\n<blockquote><p>Eine ausgepr\u00e4gte Intuition<br \/>\nEin hohes Ma\u00df an Akzeptanz und Respekt<br \/>\nViel Humor<\/p><\/blockquote>\n<p>Die drei wichtigen \u201eA\u201d in meinem Leben: Achtsamkeit, Authentizit\u00e4t und Akzeptanz\u00a0sind Werte, die mich durch mein Leben begleiten.<br \/>\nDurch langj\u00e4hrige Auslandsaufenthalte war ich in meinem beruflichen Umfeld immer von mehreren Kulturen und internationalen Einfl\u00fcssen umgeben. Diese gelebte Erfahrung erm\u00f6glicht es mir, auf Themen mit multikulturellem Hintergrund besonders einzugehen.<br \/>\nDurch meine nicht-hetero-normative Lebensweise sind die Themen Diversit\u00e4t und Vielfalt besonders wichtig.<br \/>\nIch bin sowohl Mitglied des Systemischen Gesellschaft (SG) und des wingwave\u00ae Qualit\u00e4tszirkels als auch Teil des Netzwerkes rund um gute Ideen f\u00fcr Arbeit und Dich &#8211; intrinsify!<br \/>\n\u2192 Folgen Sie mir gerne auf <a href=\"https:\/\/www.xing.com\/profile\/Udo_Maar\" target=\"_blank\" rel=\"noopener\"> XING<\/a>, <a href=\"https:\/\/de.linkedin.com\/in\/udo-maar-58057121\" target=\"_blank\" rel=\"noopener\"> LinkedIn<\/a> und <a href=\"https:\/\/www.instagram.com\/udomaar_coach\/\" target=\"_blank\" rel=\"noopener\"> Instagram<\/a>.<\/p>\n<div class=\"su-spacer\" style=\"height:15px\"><\/div>\n<a href=\"https:\/\/coaches.xing.com\/profile\/Udo_Maar?sc_wae=nla3bf7600\" target=\"_blank\" rel=\"noopener\"><img decoding=\"async\" src=\"https:\/\/coaches.xing.com\/widgets\/Udo_Maar\/profile_widget.png\" alt=\"\" width=\"300\" height=\"144\" \/><\/a><\/p>\n<div class=\"su-spacer\" style=\"height:15px\"><\/div>\n<!-- ProvenExpert Bewertungssiegel --><br \/>\n<a style=\"text-decoration: none;\" title=\"Kundenbewertungen &amp; Erfahrungen zu Udo R Maar | Der Ver\u00e4nderungsbegleiter. Mehr Infos anzeigen.\" href=\"https:\/\/www.provenexpert.com\/udo-r-maar-der-veraenderungsbegleiter\/?utm_source=Widget&amp;utm_medium=Widget&amp;utm_campaign=Widget\" target=\"_blank\" rel=\"noopener noreferrer\"><img decoding=\"async\" style=\"border: 0;\" src=\"https:\/\/images.provenexpert.com\/24\/6c\/3858466f4e0fec8b732f422be9e0\/widget_square_150_de_0.png\" alt=\"Erfahrungen &amp; Bewertungen zu Udo R Maar | Der Ver\u00e4nderungsbegleiter\" width=\"150\" height=\"150\" \/><\/a><br \/>\n<!-- ProvenExpert Bewertungssiegel --><br \/>\n<!-- Brevo Newsletter Anmedlung --><br \/>\n<iframe width=\"540\" height=\"540\" src=\"https:\/\/2effd644.sibforms.com\/serve\/MUIFAFnzJDE8VuvR5-V1q7C-zbj8IpH0O_whGMqNPPd1s9i6flyWrLmOPEBYgEXr_C5g77QtguhrqV2tyPvawT7ycwqUOmDEOp6wB9s15eTEFcHCGTdMo6yDZChMpRPT9C4Di5DsCCowSz5ejiWAF1p09ijen6FF4po9Jlgz5UFud0SDGu1SFbdZoStaHy_WBNl0I1J10yquwyTVPQ==\" frameborder=\"0\" scrolling=\"auto\" allowfullscreen style=\"display: block;margin-left: auto;margin-right: auto;max-width: 100%;\"><\/iframe><br \/>\n<!-- Brevo Newsletter Anmedlung --><\/p>\n<p><!-- Calendly Badge-Widget Beginn -->\n<link href=\"https:\/\/assets.calendly.com\/assets\/external\/widget.css\" rel=\"stylesheet\">\n<script src=\"https:\/\/assets.calendly.com\/assets\/external\/widget.js\" type=\"text\/javascript\" async><\/script><br \/>\n<script type=\"text\/javascript\">window.onload = function() { Calendly.initBadgeWidget({ url: 'https:\/\/calendly.com\/udomaar\/leben-im-einklang', text: 'Leben im Einklang', color: '#d82b0e', textColor: '#ffffff', branding: false }); }<\/script><br \/>\n<!-- Calendly Badge-Widget Ende --><\/p>\n","protected":false},"excerpt":{"rendered":"<p>Seit mehr als zwei Jahrzehnten gestalte ich Ver\u00e4nderung und begleite Organisationen und Menschen auf Ihrem Weg, individuelle L\u00f6sungen f\u00fcr ihre Fragestellungen zu entwickeln. Nach meinem Studium der Architektur gestaltete ich B\u00fcror\u00e4ume f\u00fcr internationale Unternehmen. Als Workplace Consultant besch\u00e4ftigte ich mich dann damit, wie Mitarbeitende die B\u00fcros nutzen und entwickelte innovative Arbeitsplatzkonzepte.W\u00e4hrend dieser T\u00e4tigkeiten und durch [&hellip;]<\/p>\n","protected":false},"author":1,"featured_media":0,"parent":0,"menu_order":0,"comment_status":"closed","ping_status":"open","template":"","meta":{"footnotes":""},"class_list":["post-526","page","type-page","status-publish","hentry"],"translation":{"provider":"WPGlobus","version":"3.0.2","language":"de","enabled_languages":["en","de"],"languages":{"en":{"title":false,"content":true,"excerpt":false},"de":{"title":false,"content":true,"excerpt":false}}},"aioseo_notices":[],"_links":{"self":[{"href":"https:\/\/udomaar.de\/de\/wp-json\/wp\/v2\/pages\/526","targetHints":{"allow":["GET"]}}],"collection":[{"href":"https:\/\/udomaar.de\/de\/wp-json\/wp\/v2\/pages"}],"about":[{"href":"https:\/\/udomaar.de\/de\/wp-json\/wp\/v2\/types\/page"}],"author":[{"embeddable":true,"href":"https:\/\/udomaar.de\/de\/wp-json\/wp\/v2\/users\/1"}],"replies":[{"embeddable":true,"href":"https:\/\/udomaar.de\/de\/wp-json\/wp\/v2\/comments?post=526"}],"version-history":[{"count":455,"href":"https:\/\/udomaar.de\/de\/wp-json\/wp\/v2\/pages\/526\/revisions"}],"predecessor-version":[{"id":5561,"href":"https:\/\/udomaar.de\/de\/wp-json\/wp\/v2\/pages\/526\/revisions\/5561"}],"wp:attachment":[{"href":"https:\/\/udomaar.de\/de\/wp-json\/wp\/v2\/media?parent=526"}],"curies":[{"name":"wp","href":"https:\/\/api.w.org\/{rel}","templated":true}]}}